{"id":86,"date":"2024-01-16T17:47:28","date_gmt":"2024-01-16T16:47:28","guid":{"rendered":"https:\/\/almafreymulller-shiatsu.fr\/?page_id=86"},"modified":"2026-03-17T16:20:40","modified_gmt":"2026-03-17T15:20:40","slug":"le-shiatsu-et-les-tdah","status":"publish","type":"page","link":"https:\/\/almafreymulller-shiatsu.fr\/index.php\/le-shiatsu-et\/le-shiatsu-et-les-tdah\/","title":{"rendered":"Le Shiatsu et les TDAH"},"content":{"rendered":"\n<figure class=\"wp-block-image aligncenter size-full is-resized\"><img loading=\"lazy\" decoding=\"async\" width=\"2560\" height=\"1707\" src=\"http:\/\/almafreymulller-shiatsu.fr\/wp-content\/uploads\/2024\/02\/IMG_3648-scaled.jpg\" alt=\"\" class=\"wp-image-540\" style=\"width:586px;height:auto\" srcset=\"https:\/\/almafreymulller-shiatsu.fr\/wp-content\/uploads\/2024\/02\/IMG_3648-scaled.jpg 2560w, https:\/\/almafreymulller-shiatsu.fr\/wp-content\/uploads\/2024\/02\/IMG_3648-300x200.jpg 300w, https:\/\/almafreymulller-shiatsu.fr\/wp-content\/uploads\/2024\/02\/IMG_3648-1024x683.jpg 1024w, https:\/\/almafreymulller-shiatsu.fr\/wp-content\/uploads\/2024\/02\/IMG_3648-768x512.jpg 768w, https:\/\/almafreymulller-shiatsu.fr\/wp-content\/uploads\/2024\/02\/IMG_3648-1536x1024.jpg 1536w, https:\/\/almafreymulller-shiatsu.fr\/wp-content\/uploads\/2024\/02\/IMG_3648-2048x1365.jpg 2048w\" sizes=\"auto, (max-width: 2560px) 100vw, 2560px\" \/><\/figure>\n\n\n\n<p class=\"has-background\" style=\"background-color:#b2d5c7ed\">Les pressions nettes et franches du Shiatsu proposent des points d\u2019appuis mentaux qui permettent un retour au corps et ont pour cons\u00e9quences de canaliser l\u2019esprit.<br>Le Shiatsu permet de calmer le syst\u00e8me nerveux, d\u2019avoir une meilleure conscience du corps et une meilleure respiration.<\/p>\n\n\n\n<div class=\"wp-block-buttons is-content-justification-center is-layout-flex wp-container-core-buttons-is-layout-a89b3969 wp-block-buttons-is-layout-flex\">\n<div class=\"wp-block-button\"><a class=\"wp-block-button__link has-luminous-vivid-amber-background-color has-background wp-element-button\" href=\"https:\/\/almafreymulller-shiatsu.fr\/index.php\/duree-des-seances-et-tarifs\/\" style=\"border-style:none;border-width:0px;border-top-left-radius:0px;border-top-right-radius:0px;border-bottom-left-radius:0px;border-bottom-right-radius:0px;padding-right:var(--wp--preset--spacing--50);padding-left:var(--wp--preset--spacing--50)\">Prendre RDV<\/a><\/div>\n<\/div>\n\n\n\n<p>Mr. Bernard Bouheret et ses \u00e9tudiants \u00e0 la Piti\u00e9 Salp\u00e9tri\u00e8re dans le p\u00f4le p\u00e9dopsychiatrique: Soin compl\u00e9mentaire dans l&#8217;accompagnement d&#8217;adolescent souffrant de TDAH<br><\/p>\n\n\n\n<figure class=\"wp-block-video\"><video height=\"720\" style=\"aspect-ratio: 1280 \/ 720;\" width=\"1280\" controls src=\"https:\/\/almafreymulller-shiatsu.fr\/wp-content\/uploads\/2024\/01\/shiatsu-TDAH-Bouheret.mp4\"><\/video><\/figure>\n\n\n\n<p>*Mes interventions sont d\u00e9di\u00e9es au shiatsu et n&#8217;ont pas pour objectif de se suppl\u00e9er au suivi m\u00e9dical et para m\u00e9dical.<\/p>\n\n\n\n<p>En effet, les prestations propos\u00e9es n&#8217;incluent aucun diagnostic m\u00e9dical ni aucun traitement de maladie.<\/p>\n\n\n\n<p>L&#8217;objectif du shiatsu&nbsp; a pour seul objectif d&#8217;optimiser le capital vitalit\u00e9, le bien \u00eatre, le confort et la qualit\u00e9 de vie des personnes qui s&#8217;adressent \u00e0 moi.<\/p>\n\n\n\n<blockquote class=\"wp-block-quote is-layout-flow wp-block-quote-is-layout-flow\">\n<p>Il est bien \u00e9vident qu&#8217;en aucun cas, les personnes ne doivent se couper du monde m\u00e9dical et para m\u00e9dical ni arr\u00eater leurs traitements.<\/p>\n<\/blockquote>\n","protected":false},"excerpt":{"rendered":"<p>Les pressions nettes et franches du Shiatsu proposent des points d\u2019appuis mentaux qui permettent un retour au corps et ont pour cons\u00e9quences de canaliser l\u2019esprit.Le Shiatsu permet de calmer le syst\u00e8me nerveux, d\u2019avoir une meilleure conscience du corps et une meilleure respiration. Mr. Bernard Bouheret et ses \u00e9tudiants \u00e0 la Piti\u00e9 Salp\u00e9tri\u00e8re dans le p\u00f4le [&hellip;]<\/p>\n","protected":false},"author":1,"featured_media":0,"parent":181,"menu_order":0,"comment_status":"closed","ping_status":"closed","template":"","meta":{"footnotes":""},"class_list":["post-86","page","type-page","status-publish","hentry"],"jetpack_sharing_enabled":true,"_links":{"self":[{"href":"https:\/\/almafreymulller-shiatsu.fr\/index.php\/wp-json\/wp\/v2\/pages\/86","targetHints":{"allow":["GET"]}}],"collection":[{"href":"https:\/\/almafreymulller-shiatsu.fr\/index.php\/wp-json\/wp\/v2\/pages"}],"about":[{"href":"https:\/\/almafreymulller-shiatsu.fr\/index.php\/wp-json\/wp\/v2\/types\/page"}],"author":[{"embeddable":true,"href":"https:\/\/almafreymulller-shiatsu.fr\/index.php\/wp-json\/wp\/v2\/users\/1"}],"replies":[{"embeddable":true,"href":"https:\/\/almafreymulller-shiatsu.fr\/index.php\/wp-json\/wp\/v2\/comments?post=86"}],"version-history":[{"count":10,"href":"https:\/\/almafreymulller-shiatsu.fr\/index.php\/wp-json\/wp\/v2\/pages\/86\/revisions"}],"predecessor-version":[{"id":704,"href":"https:\/\/almafreymulller-shiatsu.fr\/index.php\/wp-json\/wp\/v2\/pages\/86\/revisions\/704"}],"up":[{"embeddable":true,"href":"https:\/\/almafreymulller-shiatsu.fr\/index.php\/wp-json\/wp\/v2\/pages\/181"}],"wp:attachment":[{"href":"https:\/\/almafreymulller-shiatsu.fr\/index.php\/wp-json\/wp\/v2\/media?parent=86"}],"curies":[{"name":"wp","href":"https:\/\/api.w.org\/{rel}","templated":true}]}}