{"id":79,"date":"2024-01-16T17:41:23","date_gmt":"2024-01-16T16:41:23","guid":{"rendered":"https:\/\/almafreymulller-shiatsu.fr\/?page_id=79"},"modified":"2026-03-17T16:20:06","modified_gmt":"2026-03-17T15:20:06","slug":"le-shiatsu-et-les-maladies-inflammatoires-chroniques","status":"publish","type":"page","link":"https:\/\/almafreymulller-shiatsu.fr\/index.php\/le-shiatsu-et\/le-shiatsu-et-les-maladies-inflammatoires-chroniques\/","title":{"rendered":"Le Shiatsu et les maladies inflammatoires chroniques"},"content":{"rendered":"\n<p><\/p>\n\n\n\n<figure class=\"wp-block-image size-large is-resized\"><img loading=\"lazy\" decoding=\"async\" width=\"1024\" height=\"683\" src=\"http:\/\/almafreymulller-shiatsu.fr\/wp-content\/uploads\/2024\/01\/IMG_3640-1024x683.jpg\" alt=\"\" class=\"wp-image-82\" style=\"width:444px;height:auto\" srcset=\"https:\/\/almafreymulller-shiatsu.fr\/wp-content\/uploads\/2024\/01\/IMG_3640-1024x683.jpg 1024w, https:\/\/almafreymulller-shiatsu.fr\/wp-content\/uploads\/2024\/01\/IMG_3640-300x200.jpg 300w, https:\/\/almafreymulller-shiatsu.fr\/wp-content\/uploads\/2024\/01\/IMG_3640-768x512.jpg 768w, https:\/\/almafreymulller-shiatsu.fr\/wp-content\/uploads\/2024\/01\/IMG_3640-1536x1024.jpg 1536w, https:\/\/almafreymulller-shiatsu.fr\/wp-content\/uploads\/2024\/01\/IMG_3640-2048x1365.jpg 2048w\" sizes=\"auto, (max-width: 1024px) 100vw, 1024px\" \/><\/figure>\n\n\n\n<figure class=\"wp-block-image size-large is-resized\"><img loading=\"lazy\" decoding=\"async\" width=\"1024\" height=\"683\" src=\"http:\/\/almafreymulller-shiatsu.fr\/wp-content\/uploads\/2024\/01\/IMG_3631-1024x683.jpg\" alt=\"\" class=\"wp-image-80\" style=\"width:443px;height:auto\" srcset=\"https:\/\/almafreymulller-shiatsu.fr\/wp-content\/uploads\/2024\/01\/IMG_3631-1024x683.jpg 1024w, https:\/\/almafreymulller-shiatsu.fr\/wp-content\/uploads\/2024\/01\/IMG_3631-300x200.jpg 300w, https:\/\/almafreymulller-shiatsu.fr\/wp-content\/uploads\/2024\/01\/IMG_3631-768x512.jpg 768w, https:\/\/almafreymulller-shiatsu.fr\/wp-content\/uploads\/2024\/01\/IMG_3631-1536x1024.jpg 1536w, https:\/\/almafreymulller-shiatsu.fr\/wp-content\/uploads\/2024\/01\/IMG_3631-2048x1365.jpg 2048w\" sizes=\"auto, (max-width: 1024px) 100vw, 1024px\" \/><\/figure>\n\n\n\n<figure class=\"wp-block-image size-large is-resized\"><img loading=\"lazy\" decoding=\"async\" width=\"1024\" height=\"683\" src=\"https:\/\/almafreymulller-shiatsu.fr\/wp-content\/uploads\/2024\/01\/IMG_3633-1024x683.jpg\" alt=\"\" class=\"wp-image-81\" style=\"width:443px;height:auto\" srcset=\"https:\/\/almafreymulller-shiatsu.fr\/wp-content\/uploads\/2024\/01\/IMG_3633-1024x683.jpg 1024w, https:\/\/almafreymulller-shiatsu.fr\/wp-content\/uploads\/2024\/01\/IMG_3633-300x200.jpg 300w, https:\/\/almafreymulller-shiatsu.fr\/wp-content\/uploads\/2024\/01\/IMG_3633-768x512.jpg 768w, https:\/\/almafreymulller-shiatsu.fr\/wp-content\/uploads\/2024\/01\/IMG_3633-1536x1024.jpg 1536w, https:\/\/almafreymulller-shiatsu.fr\/wp-content\/uploads\/2024\/01\/IMG_3633-2048x1365.jpg 2048w\" sizes=\"auto, (max-width: 1024px) 100vw, 1024px\" \/><\/figure>\n\n\n\n<p class=\"has-background\" style=\"background-color:#b2d5c7ed\">Dans le cadre des maladies chroniques inflammatoires, les avantages de la pratique du Shiatsu sont multiples : la r\u00e9duction de la douleur, l\u2019assouplissement des tissus et une meilleur mobilit\u00e9 articulaire, une diminution de l&#8217;inflammation, un meilleur sommeil.<br>En fonctionnant de pair avec une alimentation et des activit\u00e9s physiques adapt\u00e9es on peut permettre d\u2019am\u00e9liorer significativement la qualit\u00e9 de vie comme la polyarthrite rhumato\u00efde, spondylarthrite ankylosante, fibromyalgie, etc. <strong>L&#8217;accompagnement Shiatsu, s&#8217;int\u00e8gre en compl\u00e9ment d&#8217;un parcours m\u00e9dical.<\/strong><\/p>\n\n\n\n<div class=\"wp-block-buttons is-content-justification-center is-layout-flex wp-container-core-buttons-is-layout-a89b3969 wp-block-buttons-is-layout-flex\">\n<div class=\"wp-block-button\"><a class=\"wp-block-button__link has-luminous-vivid-amber-background-color has-background wp-element-button\" href=\"https:\/\/almafreymulller-shiatsu.fr\/index.php\/duree-des-seances-et-tarifs\/\" style=\"border-style:none;border-width:0px;border-top-left-radius:0px;border-top-right-radius:0px;border-bottom-left-radius:0px;border-bottom-right-radius:0px;padding-right:var(--wp--preset--spacing--50);padding-left:var(--wp--preset--spacing--50)\">Prendre RDV<\/a><\/div>\n<\/div>\n\n\n\n<ul style=\"background-color:#d1d1d1\" class=\"wp-block-list has-background\">\n<li><em>Conf\u00e9rence du Syndicat des professionnels de Shiatsu autour l\u2019accompagnement de la spondylarthrite ankylosante :<br><a href=\"https:\/\/www.sd-shiatsu.fr\/le-shiatsu-et-la-spondylarthrite-ankylosante\">https:\/\/www.sd-shiatsu.fr\/le-shiatsu-et-la-spondylarthrite-ankylosante<\/a><\/em><\/li>\n\n\n\n<li><em>Etude en cours en France :<br>Evaluation de l\u2019efficacit\u00e9 du shiatsu sur la fatigue des patients atteints de spondyloarthrite axiale :<\/em> <a href=\"https:\/\/www.syndicat-shiatsu.fr\/evaluation-de-lefficacite-du-shiatsu-sur-la-fatigue-des-patients-atteints-de-spondyloarthrite-axiale\/\">https:\/\/www.syndicat-shiatsu.fr\/evaluation-de-lefficacite-du-shiatsu-sur-la-fatigue-des-patients-atteints-de-spondyloarthrite-axiale\/<\/a><\/li>\n<\/ul>\n\n\n\n<p>* Mes interventions sont d\u00e9di\u00e9es au shiatsu et n&#8217;ont pas pour objectif de se suppl\u00e9er au suivi m\u00e9dical et para m\u00e9dical.<\/p>\n\n\n\n<p>En effet, les prestations propos\u00e9es n&#8217;incluent aucun diagnostic m\u00e9dical ni aucun traitement de maladie.<\/p>\n\n\n\n<p>L&#8217;objectif du shiatsu&nbsp; a pour seul objectif d&#8217;optimiser le capital vitalit\u00e9, le bien \u00eatre, le confort et la qualit\u00e9 de vie des personnes qui s&#8217;adressent \u00e0 moi.<\/p>\n\n\n\n<blockquote class=\"wp-block-quote is-layout-flow wp-block-quote-is-layout-flow\">\n<p>Il est bien \u00e9vident qu&#8217;en aucun cas, les personnes ne doivent se couper du monde m\u00e9dical et para m\u00e9dical ni arr\u00eater leurs traitements.<\/p>\n<\/blockquote>\n","protected":false},"excerpt":{"rendered":"<p>Dans le cadre des maladies chroniques inflammatoires, les avantages de la pratique du Shiatsu sont multiples : la r\u00e9duction de la douleur, l\u2019assouplissement des tissus et une meilleur mobilit\u00e9 articulaire, une diminution de l&#8217;inflammation, un meilleur sommeil.En fonctionnant de pair avec une alimentation et des activit\u00e9s physiques adapt\u00e9es on peut permettre d\u2019am\u00e9liorer significativement la qualit\u00e9 [&hellip;]<\/p>\n","protected":false},"author":1,"featured_media":0,"parent":181,"menu_order":0,"comment_status":"closed","ping_status":"closed","template":"","meta":{"footnotes":""},"class_list":["post-79","page","type-page","status-publish","hentry"],"jetpack_sharing_enabled":true,"_links":{"self":[{"href":"https:\/\/almafreymulller-shiatsu.fr\/index.php\/wp-json\/wp\/v2\/pages\/79","targetHints":{"allow":["GET"]}}],"collection":[{"href":"https:\/\/almafreymulller-shiatsu.fr\/index.php\/wp-json\/wp\/v2\/pages"}],"about":[{"href":"https:\/\/almafreymulller-shiatsu.fr\/index.php\/wp-json\/wp\/v2\/types\/page"}],"author":[{"embeddable":true,"href":"https:\/\/almafreymulller-shiatsu.fr\/index.php\/wp-json\/wp\/v2\/users\/1"}],"replies":[{"embeddable":true,"href":"https:\/\/almafreymulller-shiatsu.fr\/index.php\/wp-json\/wp\/v2\/comments?post=79"}],"version-history":[{"count":15,"href":"https:\/\/almafreymulller-shiatsu.fr\/index.php\/wp-json\/wp\/v2\/pages\/79\/revisions"}],"predecessor-version":[{"id":703,"href":"https:\/\/almafreymulller-shiatsu.fr\/index.php\/wp-json\/wp\/v2\/pages\/79\/revisions\/703"}],"up":[{"embeddable":true,"href":"https:\/\/almafreymulller-shiatsu.fr\/index.php\/wp-json\/wp\/v2\/pages\/181"}],"wp:attachment":[{"href":"https:\/\/almafreymulller-shiatsu.fr\/index.php\/wp-json\/wp\/v2\/media?parent=79"}],"curies":[{"name":"wp","href":"https:\/\/api.w.org\/{rel}","templated":true}]}}