{"id":74,"date":"2024-01-16T17:34:25","date_gmt":"2024-01-16T16:34:25","guid":{"rendered":"https:\/\/almafreymulller-shiatsu.fr\/?page_id=74"},"modified":"2026-03-17T15:15:39","modified_gmt":"2026-03-17T14:15:39","slug":"le-shiatsu-et-les-aidants","status":"publish","type":"page","link":"https:\/\/almafreymulller-shiatsu.fr\/index.php\/le-shiatsu-et\/le-shiatsu-et-les-aidants\/","title":{"rendered":"Le Shiatsu et les aidants"},"content":{"rendered":"\n<figure class=\"wp-block-image aligncenter size-large is-resized\"><img loading=\"lazy\" decoding=\"async\" width=\"1024\" height=\"683\" src=\"http:\/\/almafreymulller-shiatsu.fr\/wp-content\/uploads\/2024\/01\/IMG_3634-1024x683.jpg\" alt=\"\" class=\"wp-image-75\" style=\"width:615px;height:auto\" srcset=\"https:\/\/almafreymulller-shiatsu.fr\/wp-content\/uploads\/2024\/01\/IMG_3634-1024x683.jpg 1024w, https:\/\/almafreymulller-shiatsu.fr\/wp-content\/uploads\/2024\/01\/IMG_3634-300x200.jpg 300w, https:\/\/almafreymulller-shiatsu.fr\/wp-content\/uploads\/2024\/01\/IMG_3634-768x512.jpg 768w, https:\/\/almafreymulller-shiatsu.fr\/wp-content\/uploads\/2024\/01\/IMG_3634-1536x1024.jpg 1536w, https:\/\/almafreymulller-shiatsu.fr\/wp-content\/uploads\/2024\/01\/IMG_3634-2048x1365.jpg 2048w\" sizes=\"auto, (max-width: 1024px) 100vw, 1024px\" \/><\/figure>\n\n\n\n<p>\u00catre aidant au quotidien \u00e0 des cons\u00e9quences sur la qualit\u00e9 de vie pouvant aller jusqu\u2019\u00e0 l\u2019\u00e9puisement et la maladie.<br>Les s\u00e9ances de Shiatsu permettent de s\u2019autoriser un moment pour soi, o\u00f9 l\u2019on se repose, on se d\u00e9pose, on re\u00e7oit, on est touch\u00e9, \u00e9cout\u00e9. Ces moments peuvent \u00eatre primordiaux pour ne pas s\u2019\u00e9puiser et \u00eatre en mesure de garder la posture d\u2019aidant sur le long terme.<\/p>\n\n\n\n<p>Les accompagnements, services, aides financi\u00e8res et droits dont vous pouvez b\u00e9n\u00e9ficier : (ne restez pas seul !)<br><a href=\"https:\/\/institut.amelis-services.com\/aidants\/accompagnement-des-aidants-quelles-sont-les-solutions-possibles\/\">https:\/\/institut.amelis-services.com\/aidants\/accompagnement-des-aidants-quelles-sont-les-solutions-possibles\/<\/a><\/p>\n\n\n\n<div class=\"wp-block-buttons is-content-justification-center is-layout-flex wp-container-core-buttons-is-layout-a89b3969 wp-block-buttons-is-layout-flex\">\n<div class=\"wp-block-button\"><a class=\"wp-block-button__link has-luminous-vivid-amber-background-color has-background wp-element-button\" href=\"https:\/\/almafreymulller-shiatsu.fr\/index.php\/duree-des-seances-et-tarifs\/\" style=\"border-top-left-radius:0px;border-top-right-radius:0px;border-bottom-left-radius:0px;border-bottom-right-radius:0px;padding-top:var(--wp--preset--spacing--30);padding-right:var(--wp--preset--spacing--50);padding-bottom:var(--wp--preset--spacing--30);padding-left:var(--wp--preset--spacing--50)\">Prendre RDV<\/a><\/div>\n<\/div>\n\n\n\n<p><em>\u00c9tudes et installation existantes<\/em> :<\/p>\n\n\n\n<ul style=\"background-color:#d1d1d1\" class=\"wp-block-list has-background\">\n<li><em>Management of work stress in health care providers at the haematology division using Shiatsu (alternative treatment approach), R. Cohen, A. Mendelson and A. Gorelick<\/em><\/li>\n\n\n\n<li><em>Sylvie Clergue propose des s\u00e9ances de shiatsu aux parents d&#8217;enfants hospitalis\u00e9s \u00e0 l\u2019h\u00f4pital Neker enfant malade \u00e0 Paris <\/em>: <em><a href=\"https:\/\/sylvieclergue-shiatsu.com\/index.php\/a-propos\/\">https:\/\/sylvieclergue-shiatsu.com\/index.php\/a-propos\/<\/a><\/em><\/li>\n<\/ul>\n","protected":false},"excerpt":{"rendered":"<p>\u00catre aidant au quotidien \u00e0 des cons\u00e9quences sur la qualit\u00e9 de vie pouvant aller jusqu\u2019\u00e0 l\u2019\u00e9puisement et la maladie.Les s\u00e9ances de Shiatsu permettent de s\u2019autoriser un moment pour soi, o\u00f9 l\u2019on se repose, on se d\u00e9pose, on re\u00e7oit, on est touch\u00e9, \u00e9cout\u00e9. Ces moments peuvent \u00eatre primordiaux pour ne pas s\u2019\u00e9puiser et \u00eatre en mesure [&hellip;]<\/p>\n","protected":false},"author":1,"featured_media":0,"parent":181,"menu_order":0,"comment_status":"closed","ping_status":"closed","template":"","meta":{"footnotes":""},"class_list":["post-74","page","type-page","status-publish","hentry"],"jetpack_sharing_enabled":true,"_links":{"self":[{"href":"https:\/\/almafreymulller-shiatsu.fr\/index.php\/wp-json\/wp\/v2\/pages\/74","targetHints":{"allow":["GET"]}}],"collection":[{"href":"https:\/\/almafreymulller-shiatsu.fr\/index.php\/wp-json\/wp\/v2\/pages"}],"about":[{"href":"https:\/\/almafreymulller-shiatsu.fr\/index.php\/wp-json\/wp\/v2\/types\/page"}],"author":[{"embeddable":true,"href":"https:\/\/almafreymulller-shiatsu.fr\/index.php\/wp-json\/wp\/v2\/users\/1"}],"replies":[{"embeddable":true,"href":"https:\/\/almafreymulller-shiatsu.fr\/index.php\/wp-json\/wp\/v2\/comments?post=74"}],"version-history":[{"count":8,"href":"https:\/\/almafreymulller-shiatsu.fr\/index.php\/wp-json\/wp\/v2\/pages\/74\/revisions"}],"predecessor-version":[{"id":670,"href":"https:\/\/almafreymulller-shiatsu.fr\/index.php\/wp-json\/wp\/v2\/pages\/74\/revisions\/670"}],"up":[{"embeddable":true,"href":"https:\/\/almafreymulller-shiatsu.fr\/index.php\/wp-json\/wp\/v2\/pages\/181"}],"wp:attachment":[{"href":"https:\/\/almafreymulller-shiatsu.fr\/index.php\/wp-json\/wp\/v2\/media?parent=74"}],"curies":[{"name":"wp","href":"https:\/\/api.w.org\/{rel}","templated":true}]}}