{"id":48,"date":"2024-01-16T17:16:17","date_gmt":"2024-01-16T16:16:17","guid":{"rendered":"https:\/\/almafreymulller-shiatsu.fr\/?page_id=48"},"modified":"2026-03-17T16:04:21","modified_gmt":"2026-03-17T15:04:21","slug":"le-shiatsu-bien-etre","status":"publish","type":"page","link":"https:\/\/almafreymulller-shiatsu.fr\/index.php\/quest-ce-que-le-shiatsu\/le-shiatsu-bien-etre\/","title":{"rendered":"Le Shiatsu bien-\u00eatre"},"content":{"rendered":"\n<figure class=\"wp-block-image aligncenter size-large is-resized\"><img loading=\"lazy\" decoding=\"async\" width=\"1024\" height=\"683\" src=\"http:\/\/almafreymulller-shiatsu.fr\/wp-content\/uploads\/2025\/02\/IMG_3701-1024x683.jpg\" alt=\"\" class=\"wp-image-550\" style=\"width:669px;height:auto\" srcset=\"https:\/\/almafreymulller-shiatsu.fr\/wp-content\/uploads\/2025\/02\/IMG_3701-1024x683.jpg 1024w, https:\/\/almafreymulller-shiatsu.fr\/wp-content\/uploads\/2025\/02\/IMG_3701-300x200.jpg 300w, https:\/\/almafreymulller-shiatsu.fr\/wp-content\/uploads\/2025\/02\/IMG_3701-768x512.jpg 768w, https:\/\/almafreymulller-shiatsu.fr\/wp-content\/uploads\/2025\/02\/IMG_3701-1536x1024.jpg 1536w, https:\/\/almafreymulller-shiatsu.fr\/wp-content\/uploads\/2025\/02\/IMG_3701-2048x1365.jpg 2048w\" sizes=\"auto, (max-width: 1024px) 100vw, 1024px\" \/><\/figure>\n\n\n\n<p class=\"has-text-align-center\">Le Shiatsu peut se recevoir simplement pour le bien-\u00eatre, ainsi que dans une logique de pr\u00e9vention de sa sant\u00e9. Cette pratique permet d\u2019accompagner des tensions r\u00e9currentes en lien avec notre travail, mode de vie et\/ou nos \u00e9motions.<\/p>\n\n\n\n<div class=\"wp-block-buttons is-content-justification-center is-layout-flex wp-container-core-buttons-is-layout-a89b3969 wp-block-buttons-is-layout-flex\">\n<div class=\"wp-block-button\"><a class=\"wp-block-button__link has-luminous-vivid-amber-background-color has-background wp-element-button\" href=\"https:\/\/almafreymulller-shiatsu.fr\/index.php\/duree-des-seances-et-tarifs\/\" style=\"border-top-left-radius:0px;border-top-right-radius:0px;border-bottom-left-radius:0px;border-bottom-right-radius:0px;padding-top:var(--wp--preset--spacing--40);padding-right:var(--wp--preset--spacing--50);padding-bottom:var(--wp--preset--spacing--40);padding-left:var(--wp--preset--spacing--50)\">Prendre RDV<\/a><\/div>\n<\/div>\n\n\n\n<figure class=\"wp-block-image aligncenter size-full is-resized\"><img loading=\"lazy\" decoding=\"async\" width=\"1000\" height=\"624\" src=\"http:\/\/almafreymulller-shiatsu.fr\/wp-content\/uploads\/2025\/02\/sans-titre-20-20.jpg\" alt=\"\" class=\"wp-image-552\" style=\"width:415px;height:auto\" srcset=\"https:\/\/almafreymulller-shiatsu.fr\/wp-content\/uploads\/2025\/02\/sans-titre-20-20.jpg 1000w, https:\/\/almafreymulller-shiatsu.fr\/wp-content\/uploads\/2025\/02\/sans-titre-20-20-300x187.jpg 300w, https:\/\/almafreymulller-shiatsu.fr\/wp-content\/uploads\/2025\/02\/sans-titre-20-20-768x479.jpg 768w\" sizes=\"auto, (max-width: 1000px) 100vw, 1000px\" \/><\/figure>\n\n\n\n<p><\/p>\n\n\n\n<figure class=\"wp-block-image aligncenter size-large is-resized\"><img loading=\"lazy\" decoding=\"async\" width=\"1024\" height=\"683\" src=\"http:\/\/almafreymulller-shiatsu.fr\/wp-content\/uploads\/2025\/02\/IMG_3716-1024x683.jpg\" alt=\"\" class=\"wp-image-553\" style=\"width:421px;height:auto\" srcset=\"https:\/\/almafreymulller-shiatsu.fr\/wp-content\/uploads\/2025\/02\/IMG_3716-1024x683.jpg 1024w, https:\/\/almafreymulller-shiatsu.fr\/wp-content\/uploads\/2025\/02\/IMG_3716-300x200.jpg 300w, https:\/\/almafreymulller-shiatsu.fr\/wp-content\/uploads\/2025\/02\/IMG_3716-768x512.jpg 768w, https:\/\/almafreymulller-shiatsu.fr\/wp-content\/uploads\/2025\/02\/IMG_3716-1536x1024.jpg 1536w, https:\/\/almafreymulller-shiatsu.fr\/wp-content\/uploads\/2025\/02\/IMG_3716-2048x1365.jpg 2048w\" sizes=\"auto, (max-width: 1024px) 100vw, 1024px\" \/><\/figure>\n\n\n\n<figure class=\"wp-block-image aligncenter size-large is-resized\"><img loading=\"lazy\" decoding=\"async\" width=\"683\" height=\"1024\" src=\"http:\/\/almafreymulller-shiatsu.fr\/wp-content\/uploads\/2025\/02\/IMG_3763-683x1024.jpg\" alt=\"\" class=\"wp-image-548\" style=\"width:399px;height:auto\" srcset=\"https:\/\/almafreymulller-shiatsu.fr\/wp-content\/uploads\/2025\/02\/IMG_3763-683x1024.jpg 683w, https:\/\/almafreymulller-shiatsu.fr\/wp-content\/uploads\/2025\/02\/IMG_3763-200x300.jpg 200w, https:\/\/almafreymulller-shiatsu.fr\/wp-content\/uploads\/2025\/02\/IMG_3763-768x1152.jpg 768w, https:\/\/almafreymulller-shiatsu.fr\/wp-content\/uploads\/2025\/02\/IMG_3763-1024x1536.jpg 1024w, https:\/\/almafreymulller-shiatsu.fr\/wp-content\/uploads\/2025\/02\/IMG_3763-1365x2048.jpg 1365w, https:\/\/almafreymulller-shiatsu.fr\/wp-content\/uploads\/2025\/02\/IMG_3763-scaled.jpg 1707w\" sizes=\"auto, (max-width: 683px) 100vw, 683px\" \/><\/figure>\n\n\n\n<p><\/p>\n","protected":false},"excerpt":{"rendered":"<p>Le Shiatsu peut se recevoir simplement pour le bien-\u00eatre, ainsi que dans une logique de pr\u00e9vention de sa sant\u00e9. Cette pratique permet d\u2019accompagner des tensions r\u00e9currentes en lien avec notre travail, mode de vie et\/ou nos \u00e9motions.<\/p>\n","protected":false},"author":1,"featured_media":0,"parent":10,"menu_order":1,"comment_status":"closed","ping_status":"closed","template":"","meta":{"footnotes":""},"class_list":["post-48","page","type-page","status-publish","hentry"],"jetpack_sharing_enabled":true,"_links":{"self":[{"href":"https:\/\/almafreymulller-shiatsu.fr\/index.php\/wp-json\/wp\/v2\/pages\/48","targetHints":{"allow":["GET"]}}],"collection":[{"href":"https:\/\/almafreymulller-shiatsu.fr\/index.php\/wp-json\/wp\/v2\/pages"}],"about":[{"href":"https:\/\/almafreymulller-shiatsu.fr\/index.php\/wp-json\/wp\/v2\/types\/page"}],"author":[{"embeddable":true,"href":"https:\/\/almafreymulller-shiatsu.fr\/index.php\/wp-json\/wp\/v2\/users\/1"}],"replies":[{"embeddable":true,"href":"https:\/\/almafreymulller-shiatsu.fr\/index.php\/wp-json\/wp\/v2\/comments?post=48"}],"version-history":[{"count":28,"href":"https:\/\/almafreymulller-shiatsu.fr\/index.php\/wp-json\/wp\/v2\/pages\/48\/revisions"}],"predecessor-version":[{"id":695,"href":"https:\/\/almafreymulller-shiatsu.fr\/index.php\/wp-json\/wp\/v2\/pages\/48\/revisions\/695"}],"up":[{"embeddable":true,"href":"https:\/\/almafreymulller-shiatsu.fr\/index.php\/wp-json\/wp\/v2\/pages\/10"}],"wp:attachment":[{"href":"https:\/\/almafreymulller-shiatsu.fr\/index.php\/wp-json\/wp\/v2\/media?parent=48"}],"curies":[{"name":"wp","href":"https:\/\/api.w.org\/{rel}","templated":true}]}}