{"id":456,"date":"2024-10-08T13:17:29","date_gmt":"2024-10-08T11:17:29","guid":{"rendered":"https:\/\/almafreymulller-shiatsu.fr\/?page_id=456"},"modified":"2026-03-18T09:15:37","modified_gmt":"2026-03-18T08:15:37","slug":"association","status":"publish","type":"page","link":"https:\/\/almafreymulller-shiatsu.fr\/index.php\/association\/","title":{"rendered":"Association"},"content":{"rendered":"\n<p class=\"has-background\" style=\"background-color:#b2d5c7ed\">Intervenir aupr\u00e8s d&#8217;association \u00e0 destination de publics sensibles est important pour moi. J&#8217;ai la chance d&#8217;intervenir notament depuis plusieurs ann\u00e9es aupr\u00e8s de l&#8217;AFL67 pour la f\u00eate de quartier des Poteries. Cette collaboration permet de proposer des s\u00e9ances gratuites de 20 min sur chaise \u00e0 des personnes qui ne pourraient pas forc\u00e9ment venir en cabinet, qui pour la plupart ont des tensions et douleurs chroniques, lesquelles ont pu \u00eatre am\u00e9lior\u00e9es et soulag\u00e9es.<\/p>\n\n\n\n<p>Le quartier des Poteries regorge de diversit\u00e9, de nationalit\u00e9s, de langues, de religions.<\/p>\n\n\n\n<p class=\"has-background\" style=\"background-color:#9cbbaeed\">Une des beaut\u00e9s du Shiatsu, est que ce massage se re\u00e7ois sur les v\u00eatements. Par cons\u00e9quent, il est respectueux de toutes et tous, et peut \u00eatre facilement re\u00e7u dans le contexte d\u2019une f\u00eate comme celle-ci. C&#8217;est pour moi un symbole f\u00e9d\u00e9rateur : m\u00eame lorsque les mots ne permettent pas de lien, le toucher peut exister.<\/p>\n\n\n\n<div class=\"wp-block-columns is-layout-flex wp-container-core-columns-is-layout-28f84493 wp-block-columns-is-layout-flex\">\n<div class=\"wp-block-column is-layout-flow wp-block-column-is-layout-flow\">\n<figure class=\"wp-block-image size-large\"><img loading=\"lazy\" decoding=\"async\" width=\"768\" height=\"1024\" src=\"http:\/\/almafreymulller-shiatsu.fr\/wp-content\/uploads\/2024\/09\/20240825_162908-768x1024.jpg\" alt=\"\" class=\"wp-image-438\" srcset=\"https:\/\/almafreymulller-shiatsu.fr\/wp-content\/uploads\/2024\/09\/20240825_162908-768x1024.jpg 768w, https:\/\/almafreymulller-shiatsu.fr\/wp-content\/uploads\/2024\/09\/20240825_162908-225x300.jpg 225w, https:\/\/almafreymulller-shiatsu.fr\/wp-content\/uploads\/2024\/09\/20240825_162908-1152x1536.jpg 1152w, https:\/\/almafreymulller-shiatsu.fr\/wp-content\/uploads\/2024\/09\/20240825_162908-1536x2048.jpg 1536w, https:\/\/almafreymulller-shiatsu.fr\/wp-content\/uploads\/2024\/09\/20240825_162908-scaled.jpg 1920w\" sizes=\"auto, (max-width: 768px) 100vw, 768px\" \/><\/figure>\n<\/div>\n\n\n\n<div class=\"wp-block-column is-layout-flow wp-block-column-is-layout-flow\">\n<figure class=\"wp-block-image aligncenter size-large is-resized\"><img loading=\"lazy\" decoding=\"async\" width=\"505\" height=\"1024\" src=\"http:\/\/almafreymulller-shiatsu.fr\/wp-content\/uploads\/2024\/09\/IMG_3996-505x1024.jpeg\" alt=\"\" class=\"wp-image-440\" style=\"width:238px;height:auto\" srcset=\"https:\/\/almafreymulller-shiatsu.fr\/wp-content\/uploads\/2024\/09\/IMG_3996-505x1024.jpeg 505w, https:\/\/almafreymulller-shiatsu.fr\/wp-content\/uploads\/2024\/09\/IMG_3996-148x300.jpeg 148w, https:\/\/almafreymulller-shiatsu.fr\/wp-content\/uploads\/2024\/09\/IMG_3996-768x1559.jpeg 768w, https:\/\/almafreymulller-shiatsu.fr\/wp-content\/uploads\/2024\/09\/IMG_3996-757x1536.jpeg 757w, https:\/\/almafreymulller-shiatsu.fr\/wp-content\/uploads\/2024\/09\/IMG_3996-1009x2048.jpeg 1009w, https:\/\/almafreymulller-shiatsu.fr\/wp-content\/uploads\/2024\/09\/IMG_3996-scaled.jpeg 1261w\" sizes=\"auto, (max-width: 505px) 100vw, 505px\" \/><\/figure>\n<\/div>\n<\/div>\n\n\n\n<p><\/p>\n","protected":false},"excerpt":{"rendered":"<p>Intervenir aupr\u00e8s d&#8217;association \u00e0 destination de publics sensibles est important pour moi. J&#8217;ai la chance d&#8217;intervenir notament depuis plusieurs ann\u00e9es aupr\u00e8s de l&#8217;AFL67 pour la f\u00eate de quartier des Poteries. Cette collaboration permet de proposer des s\u00e9ances gratuites de 20 min sur chaise \u00e0 des personnes qui ne pourraient pas forc\u00e9ment venir en cabinet, qui [&hellip;]<\/p>\n","protected":false},"author":1,"featured_media":0,"parent":0,"menu_order":0,"comment_status":"closed","ping_status":"closed","template":"","meta":{"footnotes":""},"class_list":["post-456","page","type-page","status-publish","hentry"],"jetpack_sharing_enabled":true,"_links":{"self":[{"href":"https:\/\/almafreymulller-shiatsu.fr\/index.php\/wp-json\/wp\/v2\/pages\/456","targetHints":{"allow":["GET"]}}],"collection":[{"href":"https:\/\/almafreymulller-shiatsu.fr\/index.php\/wp-json\/wp\/v2\/pages"}],"about":[{"href":"https:\/\/almafreymulller-shiatsu.fr\/index.php\/wp-json\/wp\/v2\/types\/page"}],"author":[{"embeddable":true,"href":"https:\/\/almafreymulller-shiatsu.fr\/index.php\/wp-json\/wp\/v2\/users\/1"}],"replies":[{"embeddable":true,"href":"https:\/\/almafreymulller-shiatsu.fr\/index.php\/wp-json\/wp\/v2\/comments?post=456"}],"version-history":[{"count":8,"href":"https:\/\/almafreymulller-shiatsu.fr\/index.php\/wp-json\/wp\/v2\/pages\/456\/revisions"}],"predecessor-version":[{"id":716,"href":"https:\/\/almafreymulller-shiatsu.fr\/index.php\/wp-json\/wp\/v2\/pages\/456\/revisions\/716"}],"wp:attachment":[{"href":"https:\/\/almafreymulller-shiatsu.fr\/index.php\/wp-json\/wp\/v2\/media?parent=456"}],"curies":[{"name":"wp","href":"https:\/\/api.w.org\/{rel}","templated":true}]}}