{"id":431,"date":"2024-09-24T18:29:16","date_gmt":"2024-09-24T16:29:16","guid":{"rendered":"https:\/\/almafreymulller-shiatsu.fr\/?page_id=431"},"modified":"2026-03-18T09:17:48","modified_gmt":"2026-03-18T08:17:48","slug":"entreprises","status":"publish","type":"page","link":"https:\/\/almafreymulller-shiatsu.fr\/index.php\/entreprises\/","title":{"rendered":"Entreprise"},"content":{"rendered":"\n<p><\/p>\n\n\n\n<div class=\"wp-block-columns is-layout-flex wp-container-core-columns-is-layout-28f84493 wp-block-columns-is-layout-flex\">\n<div class=\"wp-block-column is-layout-flow wp-block-column-is-layout-flow\" style=\"flex-basis:100%\">\n<div class=\"wp-block-group is-vertical is-layout-flex wp-container-core-group-is-layout-fe9cc265 wp-block-group-is-layout-flex\">\n<div class=\"wp-block-columns is-layout-flex wp-container-core-columns-is-layout-28f84493 wp-block-columns-is-layout-flex\">\n<div class=\"wp-block-column is-layout-flow wp-block-column-is-layout-flow\" style=\"flex-basis:100%\">\n<div class=\"wp-block-group is-layout-constrained wp-block-group-is-layout-constrained\">\n<div class=\"wp-block-columns is-layout-flex wp-container-core-columns-is-layout-28f84493 wp-block-columns-is-layout-flex\">\n<div class=\"wp-block-column has-background is-layout-flow wp-block-column-is-layout-flow\" style=\"background-color:#9cbbaeed\">\n<p class=\"has-text-align-center\"><mark style=\"background-color:rgba(0, 0, 0, 0)\" class=\"has-inline-color has-primary-color\">Centres m\u00e9dico-sociaux :<\/mark><\/p>\n\n\n\n<p class=\"has-text-align-center\"><mark style=\"background-color:rgba(0, 0, 0, 0)\" class=\"has-inline-color has-text-1-color\">C\u00f4toyer des personnes en situation de handicaps \u00e0 toujours fait partie de ma vie (amis, parents), c&#8217;est tout naturellement qu&#8217;en tant que professionnelle, je souhaite proposer mes services aux personnes qui en ont le plus besoin.<\/mark><\/p>\n\n\n\n<p class=\"has-text-align-center\"><mark style=\"background-color:rgba(0, 0, 0, 0)\" class=\"has-inline-color has-text-1-color\">L&#8217;avantage du Shiatsu est<strong> <\/strong>qu&#8217;il peut \u00eatre \u00e0 la fois<a href=\"https:\/\/almafreymulller-shiatsu.fr\/index.php\/le-shiatsu-et\/le-shiatsu-et-les-aidants\/\" data-type=\"page\" data-id=\"74\"> <strong>\u00e0 destination du personnel soignant et aidant<\/strong><\/a>, <strong>et des r\u00e9sidents du centre<\/strong>.<\/mark><\/p>\n\n\n\n<p class=\"has-text-align-center\"><mark style=\"background-color:rgba(0, 0, 0, 0)\" class=\"has-inline-color has-text-1-color\">Le massage peut se recevoir sur chaise ergonomique, table, lit m\u00e9dicalis\u00e9 ou fauteuil roulant au besoin.<\/mark><\/p>\n\n\n\n<p><\/p>\n\n\n\n<p><mark style=\"background-color:rgba(0, 0, 0, 0)\" class=\"has-inline-color has-text-1-color\">Le Shiatsu permet :<\/mark><\/p>\n\n\n\n<ul class=\"wp-block-list\">\n<li><mark style=\"background-color:rgba(0, 0, 0, 0)\" class=\"has-inline-color has-text-1-color\">de mobiliser le corps en douceur, faire circuler le sang, <strong>soulager les probl\u00e9matique articulaires et muscolo-squelettiques<\/strong>.<\/mark><\/li>\n<\/ul>\n\n\n\n<ul class=\"wp-block-list\">\n<li><mark style=\"background-color:rgba(0, 0, 0, 0)\" class=\"has-inline-color has-text-1-color\">de <strong>soulager le stress<\/strong> par le toucher, qui permet de se reconnecter avec son corps<\/mark><\/li>\n\n\n\n<li><mark style=\"background-color:rgba(0, 0, 0, 0)\" class=\"has-inline-color has-text-1-color\">d&#8217;agir dans la <strong>r\u00e9cup\u00e9ration de la m\u00e9moire<\/strong> court ou long terme <em><a href=\"https:\/\/almafreymulller-shiatsu.fr\/index.php\/le-shiatsu-et\/le-shiatsu-et-alzheimer\/\" data-type=\"page\" data-id=\"94\">aller voir ma page sur le Shiatsu et alzheimer <\/a><\/em><\/mark><\/li>\n\n\n\n<li><mark style=\"background-color:rgba(0, 0, 0, 0)\" class=\"has-inline-color has-text-1-color\">une <strong>meilleure digestion et sommeil \u00e0 l&#8217;aide de pressions stable qui viennent calmer le syst\u00e8me nerveux<\/strong><\/mark><\/li>\n\n\n\n<li><mark style=\"background-color:rgba(0, 0, 0, 0)\" class=\"has-inline-color has-text-1-color\">une <strong>meilleure gestion de ses \u00e9motions <\/strong>ce qui peut faciliter les interactions entre soignants\/aidants et patients qui peuvent parfois devenir complexes, voir violentes.<\/mark><\/li>\n<\/ul>\n\n\n\n<p class=\"has-text-align-center\">Je peux \u00e9galement transmettre des gestes simples aux aidants pour qu\u2019ils puissent eux-m\u00eames entre les s\u00e9ances continuer ce travail du toucher (ex: massage des mains, pieds). Afin de partager un moment agr\u00e9able et d\u2019\u00eatre ensemble simplement.<\/p>\n\n\n\n<p class=\"has-text-align-center\"><em><mark style=\"background-color:rgba(0, 0, 0, 0)\" class=\"has-inline-color has-text-1-color\">Pour aider sans s&#8217;\u00e9puiser ou d\u00e9passer ses limites, <strong>c&#8217;est primordial de ne pas rester seul et de prendre des moments pour soi. <\/strong> <\/mark><\/em><\/p>\n<\/div>\n\n\n\n<div class=\"wp-block-column has-background is-layout-constrained wp-block-column-is-layout-constrained\" style=\"background-color:#b2d5c7ed\">\n<p class=\"has-text-align-center\"><mark style=\"background-color:rgba(0, 0, 0, 0)\" class=\"has-inline-color has-primary-color\">Entreprise :<\/mark><\/p>\n\n\n\n<p class=\"has-text-align-center\">Etant sensibilis\u00e9e \u00e0 l&#8217;importance de la pr\u00e9vention des maladies au travail, je souhaite proposer mes services dans les entreprises.<\/p>\n\n\n\n<p class=\"has-text-align-center\"><strong>Le massage Shiatsu est conseill\u00e9 \u00e0 tout type de m\u00e9tier <\/strong>: salari\u00e9s travaillant dans les bureaux, en ateliers, usine, en ext\u00e9rieur, ou cadres et dirigeants d\u2019entreprise.<\/p>\n\n\n\n<p class=\"has-text-align-center\">Pour chacun, il contribue \u00e0 l\u2019am\u00e9lioration des conditions de travail et du bien-\u00eatre. Il aide efficacement&nbsp;\u00e0 rel\u00e2cher les tensions physiques et psychologiques&nbsp;inh\u00e9rentes \u00e0 l\u2019activit\u00e9 professionnelle : stress, position statique, travail r\u00e9p\u00e9titif, port de charges lourdes\u2026<\/p>\n\n\n\n<p class=\"has-text-align-center\"><strong>L\u2019avantage<\/strong> par rapport \u00e0 d\u2019autres massages en entreprise, est qu\u2019il se re\u00e7oit habill\u00e9, et peut donc \u00eatre facilement re\u00e7u dans les locaux de l\u2019entreprise pendant une pause.<br><br>Le Shiatsu&nbsp;peut ainsi jouer un r\u00f4le important dans les d\u00e9marches de gestion et pr\u00e9vention&nbsp;des risques psycho sociaux&nbsp;et les troubles musculo-squelettiques, au premier rang des&nbsp;<strong>maladies professionnelles.<\/strong><\/p>\n\n\n\n<p class=\"has-text-align-center\">En agissant \u00e0 travers le toucher, il reconnecte la personne \u00e0 son corps, la respiration se calme, le sang circule mieux, ce qui r\u00e9duit la fatigue, de stress et am\u00e9liore la concentration. En mobilisant et travaillant certains points on am\u00e8ne un soulagement des douleurs muscolo-squelettiques.<\/p>\n\n\n\n<p>Je propose des s\u00e9ances :<\/p>\n\n\n\n<ul class=\"wp-block-list\">\n<li>sur <strong>chaise ergonomique (15-30min)<\/strong> :<br>La personne est assise : on travaille dos, nuque, t\u00eate, \u00e9paule, bras, main.<\/li>\n\n\n\n<li>sur <strong>table (45min-1h)<\/strong>:<br>La personne est allong\u00e9e : on peut travailler toutes les parties du corps plus en profondeur. <\/li>\n<\/ul>\n\n\n\n<p class=\"has-text-align-center\">Tout le mat\u00e9riel est fourni par mes soins.<\/p>\n\n\n\n<p><\/p>\n<\/div>\n<\/div>\n<\/div>\n<\/div>\n<\/div>\n\n\n\n<p class=\"has-text-align-right\">Ci-joint un article sur les bienfaits du Shiatsu en entreprise :<br><em>https:\/\/www.shiatsu-france.com\/article-shiatsu-et-travail.html<\/em><\/p>\n\n\n\n<p><\/p>\n<\/div>\n<\/div>\n<\/div>\n\n\n","protected":false},"excerpt":{"rendered":"<p>Centres m\u00e9dico-sociaux : C\u00f4toyer des personnes en situation de handicaps \u00e0 toujours fait partie de ma vie (amis, parents), c&#8217;est tout naturellement qu&#8217;en tant que professionnelle, je souhaite proposer mes services aux personnes qui en ont le plus besoin. L&#8217;avantage du Shiatsu est qu&#8217;il peut \u00eatre \u00e0 la fois \u00e0 destination du personnel soignant et [&hellip;]<\/p>\n","protected":false},"author":1,"featured_media":0,"parent":0,"menu_order":0,"comment_status":"closed","ping_status":"closed","template":"","meta":{"footnotes":"[]"},"class_list":["post-431","page","type-page","status-publish","hentry"],"jetpack_sharing_enabled":true,"_links":{"self":[{"href":"https:\/\/almafreymulller-shiatsu.fr\/index.php\/wp-json\/wp\/v2\/pages\/431","targetHints":{"allow":["GET"]}}],"collection":[{"href":"https:\/\/almafreymulller-shiatsu.fr\/index.php\/wp-json\/wp\/v2\/pages"}],"about":[{"href":"https:\/\/almafreymulller-shiatsu.fr\/index.php\/wp-json\/wp\/v2\/types\/page"}],"author":[{"embeddable":true,"href":"https:\/\/almafreymulller-shiatsu.fr\/index.php\/wp-json\/wp\/v2\/users\/1"}],"replies":[{"embeddable":true,"href":"https:\/\/almafreymulller-shiatsu.fr\/index.php\/wp-json\/wp\/v2\/comments?post=431"}],"version-history":[{"count":35,"href":"https:\/\/almafreymulller-shiatsu.fr\/index.php\/wp-json\/wp\/v2\/pages\/431\/revisions"}],"predecessor-version":[{"id":717,"href":"https:\/\/almafreymulller-shiatsu.fr\/index.php\/wp-json\/wp\/v2\/pages\/431\/revisions\/717"}],"wp:attachment":[{"href":"https:\/\/almafreymulller-shiatsu.fr\/index.php\/wp-json\/wp\/v2\/media?parent=431"}],"curies":[{"name":"wp","href":"https:\/\/api.w.org\/{rel}","templated":true}]}}