{"id":302,"date":"2024-03-07T15:41:45","date_gmt":"2024-03-07T14:41:45","guid":{"rendered":"https:\/\/almafreymulller-shiatsu.fr\/?page_id=302"},"modified":"2024-03-19T19:05:12","modified_gmt":"2024-03-19T18:05:12","slug":"qi-qong","status":"publish","type":"page","link":"https:\/\/almafreymulller-shiatsu.fr\/index.php\/ressources\/qi-qong\/","title":{"rendered":"Qi Qong"},"content":{"rendered":"\n<p>Il existe de nombreuses forme de Qi Qong en chine : Interne (o\u00f9 on va retrouver beaucoup d&#8217;exercice de respiration, de m\u00e9ditation et des postures douces) et Externe (des postures plus martials comme le Kung fu). Parmis ces formes, existe le Qi Qong m\u00e9dicale en Chine, qui compte des centres de recherche et qui est un dispositif propos\u00e9 \u00e0 de tr\u00e8s nombreux patients dans les h\u00f4pitaux pour que leur prise en charge soit la plus compl\u00e8te possible. <\/p>\n\n\n\n<p>Ici je vous propose certaines postures statiques et en mouvement doux. Ils permettent de travailler son ancrage, la d\u00e9tente musculaire en gardant un tonus (la pratique de posture statique permet de mobiliser les muscles posturaux davantage afin de liberer les muscles de mouvements qui sont souvent crisp\u00e9es et nous &#8220;tiennent&#8221;), dissiper les blocages dans le corps, se calmer et se revigorer (en am\u00e9liorant la circulation et la microcirculation sanguine). <\/p>\n\n\n\n<p>C&#8217;est une pratique qui personnellement m&#8217;apporte beaucoup de joie, de s\u00e9r\u00e9nit\u00e9 au quotidien.<\/p>\n\n\n\n<details class=\"wp-block-details is-layout-flow wp-block-details-is-layout-flow\"><summary>Je vous encourage \u00e0 rejoindre un club d\u2019arts Martiaux, un cours de Qi Qong pour b\u00e9n\u00e9ficier d\u2019un professeur qui saura vous corriger et vous accompagner.<br>Il existe \u00e9galement des cours de &#8220;Qi Qong adapt\u00e9&#8221; pour toutes personnes ayant un handicap, souffrant de cancer, etc avec des professeurs form\u00e9s pour vous accompagner dans vos probl\u00e9matiques sp\u00e9cifiques qui sauront vous faire profiter pleinement des bienfaits du Qi Qong \u00e0 votre mesure.<\/summary>\n<p><\/p>\n<\/details>\n\n\n\n<p>Cette vid\u00e9o ne n\u00e9cessite pas de comprendre les instructions, simplement de suivre les mouvements: <\/p>\n\n\n\n<figure class=\"wp-block-embed is-type-video is-provider-youtube wp-block-embed-youtube wp-embed-aspect-16-9 wp-has-aspect-ratio\"><div class=\"wp-block-embed__wrapper\">\n<iframe loading=\"lazy\" title=\"Qigong Full 20-Minute Daily Routine\" width=\"500\" height=\"281\" src=\"https:\/\/www.youtube.com\/embed\/cwlvTcWR3Gs?feature=oembed\" frameborder=\"0\" allow=\"accelerometer; autoplay; clipboard-write; encrypted-media; gyroscope; picture-in-picture; web-share\" referrerpolicy=\"strict-origin-when-cross-origin\" allowfullscreen><\/iframe>\n<\/div><\/figure>\n\n\n\n<p>\u00c9chauffement + explication de la posture de l\u2019arbre (version en anglais)<\/p>\n\n\n\n<figure class=\"wp-block-embed is-type-video is-provider-youtube wp-block-embed-youtube wp-embed-aspect-16-9 wp-has-aspect-ratio\"><div class=\"wp-block-embed__wrapper\">\n<iframe loading=\"lazy\" title=\"Zhan Zhuang - Standing Meditation Tutorial\" width=\"500\" height=\"281\" src=\"https:\/\/www.youtube.com\/embed\/PA1UphVWXks?feature=oembed\" frameborder=\"0\" allow=\"accelerometer; autoplay; clipboard-write; encrypted-media; gyroscope; picture-in-picture; web-share\" referrerpolicy=\"strict-origin-when-cross-origin\" allowfullscreen><\/iframe>\n<\/div><\/figure>\n\n\n\n<p>Ici je suis contrainte de vous mettre une vid\u00e9o en anglais car je trouve que les vid\u00e9os traitants de ces sujets sont malheureusement d\u2019une moindre qualit\u00e9 en France..  <\/p>\n","protected":false},"excerpt":{"rendered":"<p>Il existe de nombreuses forme de Qi Qong en chine : Interne (o\u00f9 on va retrouver beaucoup d&#8217;exercice de respiration, de m\u00e9ditation et des postures douces) et Externe (des postures plus martials comme le Kung fu). Parmis ces formes, existe le Qi Qong m\u00e9dicale en Chine, qui compte des centres de recherche et qui est [&hellip;]<\/p>\n","protected":false},"author":1,"featured_media":0,"parent":114,"menu_order":2,"comment_status":"closed","ping_status":"closed","template":"","meta":{"footnotes":""},"class_list":["post-302","page","type-page","status-publish","hentry"],"jetpack_sharing_enabled":true,"_links":{"self":[{"href":"https:\/\/almafreymulller-shiatsu.fr\/index.php\/wp-json\/wp\/v2\/pages\/302","targetHints":{"allow":["GET"]}}],"collection":[{"href":"https:\/\/almafreymulller-shiatsu.fr\/index.php\/wp-json\/wp\/v2\/pages"}],"about":[{"href":"https:\/\/almafreymulller-shiatsu.fr\/index.php\/wp-json\/wp\/v2\/types\/page"}],"author":[{"embeddable":true,"href":"https:\/\/almafreymulller-shiatsu.fr\/index.php\/wp-json\/wp\/v2\/users\/1"}],"replies":[{"embeddable":true,"href":"https:\/\/almafreymulller-shiatsu.fr\/index.php\/wp-json\/wp\/v2\/comments?post=302"}],"version-history":[{"count":11,"href":"https:\/\/almafreymulller-shiatsu.fr\/index.php\/wp-json\/wp\/v2\/pages\/302\/revisions"}],"predecessor-version":[{"id":401,"href":"https:\/\/almafreymulller-shiatsu.fr\/index.php\/wp-json\/wp\/v2\/pages\/302\/revisions\/401"}],"up":[{"embeddable":true,"href":"https:\/\/almafreymulller-shiatsu.fr\/index.php\/wp-json\/wp\/v2\/pages\/114"}],"wp:attachment":[{"href":"https:\/\/almafreymulller-shiatsu.fr\/index.php\/wp-json\/wp\/v2\/media?parent=302"}],"curies":[{"name":"wp","href":"https:\/\/api.w.org\/{rel}","templated":true}]}}