{"id":114,"date":"2024-03-07T15:37:46","date_gmt":"2024-03-07T14:37:46","guid":{"rendered":"https:\/\/almafreymulller-shiatsu.fr\/?page_id=114"},"modified":"2025-06-20T13:51:37","modified_gmt":"2025-06-20T11:51:37","slug":"ressources","status":"publish","type":"page","link":"https:\/\/almafreymulller-shiatsu.fr\/index.php\/ressources\/","title":{"rendered":"Ressources"},"content":{"rendered":"\n<p>Voici une section pour vous conseiller quelques outils a int\u00e9grer au quotidien que je trouve particuli\u00e8rement efficace.<\/p>\n\n\n\n<p>Venir recevoir des s\u00e9ances de Shiatsu est important, parfois m\u00eame n\u00e9cessaire mais avoir des outils au quotidien pour rester en mouvement, calme et d\u00e9tendu, l&#8217;est tout autant si ce n&#8217;est plus ! <\/p>\n\n\n\n<p>Avoir une pratique r\u00e9guli\u00e8re \u00e0 de nombreux avantages \u00e0 court et long terme. <\/p>\n\n\n\n<p><\/p>\n\n\n\n<p><\/p>\n\n\n\n<p><\/p>\n\n\n\n<p><\/p>\n\n\n\n<p><\/p>\n\n\n\n<p><\/p>\n","protected":false},"excerpt":{"rendered":"<p>Voici une section pour vous conseiller quelques outils a int\u00e9grer au quotidien que je trouve particuli\u00e8rement efficace. Venir recevoir des s\u00e9ances de Shiatsu est important, parfois m\u00eame n\u00e9cessaire mais avoir des outils au quotidien pour rester en mouvement, calme et d\u00e9tendu, l&#8217;est tout autant si ce n&#8217;est plus ! Avoir une pratique r\u00e9guli\u00e8re \u00e0 de [&hellip;]<\/p>\n","protected":false},"author":1,"featured_media":0,"parent":0,"menu_order":0,"comment_status":"closed","ping_status":"closed","template":"","meta":{"footnotes":""},"class_list":["post-114","page","type-page","status-publish","hentry"],"jetpack_sharing_enabled":true,"_links":{"self":[{"href":"https:\/\/almafreymulller-shiatsu.fr\/index.php\/wp-json\/wp\/v2\/pages\/114","targetHints":{"allow":["GET"]}}],"collection":[{"href":"https:\/\/almafreymulller-shiatsu.fr\/index.php\/wp-json\/wp\/v2\/pages"}],"about":[{"href":"https:\/\/almafreymulller-shiatsu.fr\/index.php\/wp-json\/wp\/v2\/types\/page"}],"author":[{"embeddable":true,"href":"https:\/\/almafreymulller-shiatsu.fr\/index.php\/wp-json\/wp\/v2\/users\/1"}],"replies":[{"embeddable":true,"href":"https:\/\/almafreymulller-shiatsu.fr\/index.php\/wp-json\/wp\/v2\/comments?post=114"}],"version-history":[{"count":8,"href":"https:\/\/almafreymulller-shiatsu.fr\/index.php\/wp-json\/wp\/v2\/pages\/114\/revisions"}],"predecessor-version":[{"id":534,"href":"https:\/\/almafreymulller-shiatsu.fr\/index.php\/wp-json\/wp\/v2\/pages\/114\/revisions\/534"}],"wp:attachment":[{"href":"https:\/\/almafreymulller-shiatsu.fr\/index.php\/wp-json\/wp\/v2\/media?parent=114"}],"curies":[{"name":"wp","href":"https:\/\/api.w.org\/{rel}","templated":true}]}}