{"id":112,"date":"2024-02-22T16:23:13","date_gmt":"2024-02-22T15:23:13","guid":{"rendered":"https:\/\/almafreymulller-shiatsu.fr\/?page_id=112"},"modified":"2026-03-18T09:11:14","modified_gmt":"2026-03-18T08:11:14","slug":"__trashed","status":"publish","type":"page","link":"https:\/\/almafreymulller-shiatsu.fr\/index.php\/__trashed\/","title":{"rendered":"Mon parcours"},"content":{"rendered":"\n<div class=\"wp-block-columns is-layout-flex wp-container-core-columns-is-layout-28f84493 wp-block-columns-is-layout-flex\">\n<div class=\"wp-block-column is-layout-flow wp-block-column-is-layout-flow\">\n<figure class=\"wp-block-image size-large\"><img loading=\"lazy\" decoding=\"async\" width=\"768\" height=\"1024\" src=\"http:\/\/almafreymulller-shiatsu.fr\/wp-content\/uploads\/2025\/06\/Profil-shiatsu-768x1024.jpg\" alt=\"\" class=\"wp-image-567\" srcset=\"https:\/\/almafreymulller-shiatsu.fr\/wp-content\/uploads\/2025\/06\/Profil-shiatsu-768x1024.jpg 768w, https:\/\/almafreymulller-shiatsu.fr\/wp-content\/uploads\/2025\/06\/Profil-shiatsu-225x300.jpg 225w, https:\/\/almafreymulller-shiatsu.fr\/wp-content\/uploads\/2025\/06\/Profil-shiatsu-1152x1536.jpg 1152w, https:\/\/almafreymulller-shiatsu.fr\/wp-content\/uploads\/2025\/06\/Profil-shiatsu-1536x2048.jpg 1536w, https:\/\/almafreymulller-shiatsu.fr\/wp-content\/uploads\/2025\/06\/Profil-shiatsu-scaled.jpg 1920w\" sizes=\"auto, (max-width: 768px) 100vw, 768px\" \/><\/figure>\n<\/div>\n\n\n\n<div class=\"wp-block-column is-vertically-aligned-center is-layout-flow wp-block-column-is-layout-flow\">\n<p><\/p>\n\n\n\n<p class=\"has-light-green-cyan-background-color has-background\"><mark style=\"background-color:rgba(0, 0, 0, 0)\" class=\"has-inline-color has-text-1-color\">Apr\u00e8s 4 ans de formation, j&#8217;ai obtenue le <strong><em>titre RNCP (niveau 5) de Sp\u00e9cialiste en Shiatsu.<\/em><\/strong><\/mark> Je suis form\u00e9e au style <strong><em>IOKAI Shiatsu <\/em><\/strong>(\u00e0 Paris avec Christine Breton et Renault Steinhausser) et au <strong><em>Yin Shiatsu <\/em><\/strong>(\u00e0 Strasbourg avec Mehdi Abid), qui sont tr\u00e8s compl\u00e9mentaires. Je suis co-cr\u00e9atrice de l&#8217;association <strong>Shiatsu et massages japonais Grand Est.<\/strong><\/p>\n<\/div>\n<\/div>\n\n\n\n<p class=\"has-background\" style=\"background-color:#9cbbaeed\"><strong><em>IOKAI Shiatsu<\/em><\/strong> : J\u2019ai appris \u00e0 travailler avec le syst\u00e8me th\u00e9oriques des m\u00e9ridiens ainsi que d\u00e9velopp\u00e9 mes qualit\u00e9s d\u2019\u00e9coute dans le toucher.&nbsp;Avoir \u00e9t\u00e9 form\u00e9 au massage sur futon de Shiatsu au sol, me permet d\u2019effectuer une plus larges gammes d\u2019\u00e9tirements et de mouvements et am\u00e8ne \u00e0 la personne un plus grand rel\u00e2chement. <em>Peu de gens dans notre culture occidentale ont l\u2019habitude d\u2019\u00eatre au sol, cela permet de l\u2019explorer le temps de la s\u00e9ance, pour peut \u00eatre davantage l\u2019investir chez soi (prendre confiance dans ses appuies pour aller au sol et se relever, d\u00e9couvrir ce que cela nous fait de d\u00e9poser compl\u00e8tement le poids du corps dans le sol, comment on se sent assis par terre en tailleur, etc).&nbsp;<\/em><\/p>\n\n\n\n<p class=\"has-background\" style=\"background-color:#b2d5c7ed\"><strong><em>Yin Shiatsu <\/em><\/strong>: <em><mark style=\"background-color:rgba(0, 0, 0, 0)\" class=\"has-inline-color has-text-1-color\"><em>Ce style permet des pressions puissantes, tr\u00e8s souvent contre les os et les tendons, en cherchant la profondeur, la source des tensions et d\u00e9s\u00e9quilibres. Au centre de cette pratique on y trouve : un bilan \u00e9nerg\u00e9tique\/traitement du dos (Yuketsu Kossa\u00ef Yubi), les pressions au coude, avec le doigt en baguette ainsi que certaines mobilisations. J\u2019ai \u00e9t\u00e9 form\u00e9e \u00e0 travailler sur table et sur chaise de massage, ce qui permet de s&#8217;adapter davantage \u00e0 des contextes en ext\u00e9rieur, \u00e0 des personnes avec une mobilit\u00e9 r\u00e9duite ainsi qu\u2019en entreprise.&nbsp;<\/em><\/mark><\/em><\/p>\n\n\n\n<p><mark style=\"background-color:rgba(0, 0, 0, 0)\" class=\"has-inline-color has-primary-color\">En formation continue :<\/mark><\/p>\n\n\n\n<p class=\"has-background\" style=\"background-color:#9cbbaeed\"><strong><em>Mouvement Shiatsu avec Bill Palmer<\/em><\/strong> <\/p>\n\n\n\n<p class=\"has-background\" style=\"background-color:#b2d5c7ed\"><em><strong>Accompagnement des cycles et de l\u2019endom\u00e9triose avec Fanny Roque <\/strong><\/em><\/p>\n\n\n\n<p><\/p>\n","protected":false},"excerpt":{"rendered":"<p>Apr\u00e8s 4 ans de formation, j&#8217;ai obtenue le titre RNCP (niveau 5) de Sp\u00e9cialiste en Shiatsu. Je suis form\u00e9e au style IOKAI Shiatsu (\u00e0 Paris avec Christine Breton et Renault Steinhausser) et au Yin Shiatsu (\u00e0 Strasbourg avec Mehdi Abid), qui sont tr\u00e8s compl\u00e9mentaires. Je suis co-cr\u00e9atrice de l&#8217;association Shiatsu et massages japonais Grand Est. [&hellip;]<\/p>\n","protected":false},"author":1,"featured_media":0,"parent":0,"menu_order":0,"comment_status":"closed","ping_status":"closed","template":"","meta":{"footnotes":"[]"},"class_list":["post-112","page","type-page","status-publish","hentry"],"jetpack_sharing_enabled":true,"_links":{"self":[{"href":"https:\/\/almafreymulller-shiatsu.fr\/index.php\/wp-json\/wp\/v2\/pages\/112","targetHints":{"allow":["GET"]}}],"collection":[{"href":"https:\/\/almafreymulller-shiatsu.fr\/index.php\/wp-json\/wp\/v2\/pages"}],"about":[{"href":"https:\/\/almafreymulller-shiatsu.fr\/index.php\/wp-json\/wp\/v2\/types\/page"}],"author":[{"embeddable":true,"href":"https:\/\/almafreymulller-shiatsu.fr\/index.php\/wp-json\/wp\/v2\/users\/1"}],"replies":[{"embeddable":true,"href":"https:\/\/almafreymulller-shiatsu.fr\/index.php\/wp-json\/wp\/v2\/comments?post=112"}],"version-history":[{"count":34,"href":"https:\/\/almafreymulller-shiatsu.fr\/index.php\/wp-json\/wp\/v2\/pages\/112\/revisions"}],"predecessor-version":[{"id":713,"href":"https:\/\/almafreymulller-shiatsu.fr\/index.php\/wp-json\/wp\/v2\/pages\/112\/revisions\/713"}],"wp:attachment":[{"href":"https:\/\/almafreymulller-shiatsu.fr\/index.php\/wp-json\/wp\/v2\/media?parent=112"}],"curies":[{"name":"wp","href":"https:\/\/api.w.org\/{rel}","templated":true}]}}