{"id":110,"date":"2024-01-16T18:16:19","date_gmt":"2024-01-16T17:16:19","guid":{"rendered":"https:\/\/almafreymulller-shiatsu.fr\/?page_id=110"},"modified":"2026-03-17T10:28:01","modified_gmt":"2026-03-17T09:28:01","slug":"duree-des-seances-et-tarifs","status":"publish","type":"page","link":"https:\/\/almafreymulller-shiatsu.fr\/index.php\/duree-des-seances-et-tarifs\/","title":{"rendered":"Prendre rendez vous"},"content":{"rendered":"\n<div class=\"wp-block-group is-layout-constrained wp-block-group-is-layout-constrained\">\n<div class=\"wp-block-columns is-layout-flex wp-container-core-columns-is-layout-28f84493 wp-block-columns-is-layout-flex\">\n<div class=\"wp-block-column is-layout-flow wp-block-column-is-layout-flow\" style=\"flex-basis:100%\">\n<figure class=\"wp-block-image alignleft size-large is-resized\"><img loading=\"lazy\" decoding=\"async\" width=\"768\" height=\"1024\" src=\"http:\/\/almafreymulller-shiatsu.fr\/wp-content\/uploads\/2024\/03\/20240321_164327-768x1024.jpg\" alt=\"\" class=\"wp-image-404\" style=\"width:338px;height:auto\" srcset=\"https:\/\/almafreymulller-shiatsu.fr\/wp-content\/uploads\/2024\/03\/20240321_164327-768x1024.jpg 768w, https:\/\/almafreymulller-shiatsu.fr\/wp-content\/uploads\/2024\/03\/20240321_164327-225x300.jpg 225w, https:\/\/almafreymulller-shiatsu.fr\/wp-content\/uploads\/2024\/03\/20240321_164327-1152x1536.jpg 1152w, https:\/\/almafreymulller-shiatsu.fr\/wp-content\/uploads\/2024\/03\/20240321_164327-1536x2048.jpg 1536w, https:\/\/almafreymulller-shiatsu.fr\/wp-content\/uploads\/2024\/03\/20240321_164327-scaled.jpg 1920w\" sizes=\"auto, (max-width: 768px) 100vw, 768px\" \/><\/figure>\n\n\n\n<figure class=\"wp-block-image size-large is-resized\"><img loading=\"lazy\" decoding=\"async\" width=\"905\" height=\"1024\" src=\"http:\/\/almafreymulller-shiatsu.fr\/wp-content\/uploads\/2024\/03\/20240321_165641-905x1024.jpg\" alt=\"\" class=\"wp-image-415\" style=\"width:339px;height:auto\" srcset=\"https:\/\/almafreymulller-shiatsu.fr\/wp-content\/uploads\/2024\/03\/20240321_165641-905x1024.jpg 905w, https:\/\/almafreymulller-shiatsu.fr\/wp-content\/uploads\/2024\/03\/20240321_165641-265x300.jpg 265w, https:\/\/almafreymulller-shiatsu.fr\/wp-content\/uploads\/2024\/03\/20240321_165641-768x869.jpg 768w, https:\/\/almafreymulller-shiatsu.fr\/wp-content\/uploads\/2024\/03\/20240321_165641-1357x1536.jpg 1357w, https:\/\/almafreymulller-shiatsu.fr\/wp-content\/uploads\/2024\/03\/20240321_165641-1809x2048.jpg 1809w\" sizes=\"auto, (max-width: 905px) 100vw, 905px\" \/><\/figure>\n<\/div>\n<\/div>\n<\/div>\n\n\n\n<p>La s\u00e9ance se d\u00e9roule sur futon (ou sur table si besoin), dure 1h15 et est adapt\u00e9e aux probl\u00e9matiques de chaque personne. Un temps de discussion est pr\u00e9vu au d\u00e9but de chaque s\u00e9ance pour faire un tour d\u2019horizon du corps, de l&#8217;\u00e9tat de sant\u00e9 et des besoins.<\/p>\n\n\n\n<p>Le soin est pratiqu\u00e9 sur une personne habill\u00e9e, <strong>pr\u00e9voyez des v\u00eatements confortables et souples<\/strong>. Vous pouvez vous changer sur place. <br><\/p>\n\n\n\n<div class=\"wp-block-group is-nowrap is-layout-flex wp-container-core-group-is-layout-6c531013 wp-block-group-is-layout-flex\">\n<div class=\"wp-block-columns is-layout-flex wp-container-core-columns-is-layout-28f84493 wp-block-columns-is-layout-flex\">\n<div class=\"wp-block-column is-layout-flow wp-block-column-is-layout-flow\" style=\"flex-basis:100%\"><\/div>\n<\/div>\n<\/div>\n\n\n\n<details class=\"wp-block-details is-layout-flow wp-block-details-is-layout-flow\"><summary><strong>Le Shiatsu ne se substitue pas au traitement m\u00e9dical<\/strong>, sauf avis contraire de votre m\u00e9decin, il n\u2019y a pas de contre-indication. <br>L\u2019entretien pr\u00e9alable permettra de v\u00e9rifier votre aptitude \u00e0 recevoir une s\u00e9ance (traitements m\u00e9dicaux, op\u00e9rations chirurgicales r\u00e9centes..), un travail adapt\u00e9 se fera en fonction.<br><strong>Je serais parfois amen\u00e9e \u00e0 vous r\u00e9orienter vers un professionnel de sant\u00e9<\/strong>.<br>Dans le doute, n\u2019h\u00e9sitez pas \u00e0 me contacter. <br><\/summary>\n<p><\/p>\n<\/details>\n\n\n\n<p><\/p>\n\n\n\n<h2 class=\"wp-block-heading\">Tarifs: <\/h2>\n\n\n\n<p>S\u00e9ance : (1h15)<\/p>\n\n\n\n<ul style=\"background-color:#9cbbaeed\" class=\"wp-block-list has-background\">\n<li><em>60 euros tarif plein<\/em><\/li>\n\n\n\n<li>45 euros <em>tarif solidaire<\/em> (pour personne en difficult\u00e9 financi\u00e8re)<\/li>\n\n\n\n<li>Pack 6 s\u00e9ances pour 300 euros <\/li>\n\n\n\n<li>Pour du domicile me contacter<\/li>\n<\/ul>\n\n\n\n<details class=\"wp-block-details is-layout-flow wp-block-details-is-layout-flow\"><summary>J&#8217;accepte les paiements en esp\u00e8ces et en carte bleue.<\/summary>\n<p><\/p>\n<\/details>\n\n\n\n<details class=\"wp-block-details is-layout-flow wp-block-details-is-layout-flow\"><summary>Certaines mutuelles peuvent prendre en charge les s\u00e9ances de Shiatsu, renseignez vous aupr\u00e8s de la votre.<\/summary>\n<p><\/p>\n<\/details>\n\n\n\n<p class=\"has-background\" style=\"background-color:#9cbbaeed\"><strong>La prise de rendez vous se fait par t\u00e9l\u00e9phone\/SMS au 06.02.66.90.15 ou directement en ligne ici (merci de pr\u00e9ciser si vous venez pour une probl\u00e9matique en particulier dans la case d\u00e9di\u00e9e)<\/strong> :<\/p>\n\n\n<div class=\"wp-block-jetpack-calendly calendly-style-inline\" id=\"calendly-block-1\"><\/div>\n\n\n<p><\/p>\n","protected":false},"excerpt":{"rendered":"<p>La s\u00e9ance se d\u00e9roule sur futon (ou sur table si besoin), dure 1h15 et est adapt\u00e9e aux probl\u00e9matiques de chaque personne. Un temps de discussion est pr\u00e9vu au d\u00e9but de chaque s\u00e9ance pour faire un tour d\u2019horizon du corps, de l&#8217;\u00e9tat de sant\u00e9 et des besoins. Le soin est pratiqu\u00e9 sur une personne habill\u00e9e, pr\u00e9voyez [&hellip;]<\/p>\n","protected":false},"author":1,"featured_media":0,"parent":0,"menu_order":0,"comment_status":"closed","ping_status":"closed","template":"","meta":{"footnotes":""},"class_list":["post-110","page","type-page","status-publish","hentry"],"jetpack_sharing_enabled":true,"_links":{"self":[{"href":"https:\/\/almafreymulller-shiatsu.fr\/index.php\/wp-json\/wp\/v2\/pages\/110","targetHints":{"allow":["GET"]}}],"collection":[{"href":"https:\/\/almafreymulller-shiatsu.fr\/index.php\/wp-json\/wp\/v2\/pages"}],"about":[{"href":"https:\/\/almafreymulller-shiatsu.fr\/index.php\/wp-json\/wp\/v2\/types\/page"}],"author":[{"embeddable":true,"href":"https:\/\/almafreymulller-shiatsu.fr\/index.php\/wp-json\/wp\/v2\/users\/1"}],"replies":[{"embeddable":true,"href":"https:\/\/almafreymulller-shiatsu.fr\/index.php\/wp-json\/wp\/v2\/comments?post=110"}],"version-history":[{"count":47,"href":"https:\/\/almafreymulller-shiatsu.fr\/index.php\/wp-json\/wp\/v2\/pages\/110\/revisions"}],"predecessor-version":[{"id":634,"href":"https:\/\/almafreymulller-shiatsu.fr\/index.php\/wp-json\/wp\/v2\/pages\/110\/revisions\/634"}],"wp:attachment":[{"href":"https:\/\/almafreymulller-shiatsu.fr\/index.php\/wp-json\/wp\/v2\/media?parent=110"}],"curies":[{"name":"wp","href":"https:\/\/api.w.org\/{rel}","templated":true}]}}