{"id":10,"date":"2024-01-10T14:09:51","date_gmt":"2024-01-10T13:09:51","guid":{"rendered":"https:\/\/almafreymulller-shiatsu.fr\/?page_id=10"},"modified":"2026-03-18T14:05:27","modified_gmt":"2026-03-18T13:05:27","slug":"quest-ce-que-le-shiatsu","status":"publish","type":"page","link":"https:\/\/almafreymulller-shiatsu.fr\/index.php\/quest-ce-que-le-shiatsu\/","title":{"rendered":"Qu&#8217;est ce que le Shiatsu ?"},"content":{"rendered":"\n<p class=\"has-background\" style=\"background-color:#b2d5c7ed\">Le mot Shiatsu signifie\u00a0<em>&#8220;pression de doigts&#8221;<\/em>. Le Shiatsu est une\u00a0technique manuelle\u00a0de bien \u00eatre et de bon entretien de la sant\u00e9\u00a0qui vient du Japon.\u00a0Il est n\u00e9 de la rencontre du massage traditionnel japonais &#8220;Amma&#8221;, des influences de la m\u00e9decine chinoise et occidentale. Il s&#8217;inscrit dans la m\u00eame famille que la r\u00e9flexologie plantaire et l&#8217;acupression.<\/p>\n\n\n\n<p class=\"has-light-green-cyan-background-color has-background\">En agissant sur le syst\u00e8me des m\u00e9ridiens d\u2019acupuncture, le Shiatsu permet d\u2019activer le syst\u00e8me nerveux para-sympathique responsable de la r\u00e9cup\u00e9ration, de la relaxation et du bien-\u00eatre. En compl\u00e9ment d&#8217;un suivi m\u00e9dical r\u00e9gulier,&nbsp;le Shiatsu peut agir sur des \u00e9tats&nbsp;tant physiques que psychiques&nbsp;et am\u00e9liorer ainsi la qualit\u00e9 de vie des personnes b\u00e9n\u00e9ficiaires.<\/p>\n\n\n\n<h2 class=\"wp-block-heading\">Le Shiatsu, technique manuelle reconnue<\/h2>\n\n\n\n<ul class=\"wp-block-list\">\n<li>Au Japon :&nbsp;Depuis 1955, le Shiatsu est une technique compl\u00e9mentaire reconnue comme th\u00e9rapie manuelle officielle.<\/li>\n\n\n\n<li>Dans le monde :&nbsp;Le Shiatsu est reconnu par l&#8217;Organisation Mondiale de la Sant\u00e9 (OMS).<\/li>\n\n\n\n<li>En Europe :&nbsp;Le Shiatsu est reconnu en 1997 par le Parlement Europ\u00e9en comme l&#8217;une des huit m\u00e9decines non conventionnelle digne d&#8217;int\u00e9r\u00eat. (Rapport Collins- Lannoye du 29\/05\/1997, Bruxelles). Il est reconnu par la NACE comme une activit\u00e9 de sant\u00e9.<\/li>\n\n\n\n<li>En France :&nbsp;L&#8217;INSEE classe le shiatsu comme une &#8220;activit\u00e9 de sant\u00e9 n.c.a&#8221; , le Shiatsu est encadr\u00e9 par la&nbsp;<a href=\"https:\/\/ffst.fr\/\" target=\"_blank\" rel=\"noreferrer noopener\">F\u00e9d\u00e9ration Fran\u00e7aise de Shiatsu Traditionnel<\/a>&nbsp;\u00e0 laquelle je suis affili\u00e9e.<\/li>\n<\/ul>\n\n\n\n<h2 class=\"wp-block-heading\">Comment se d\u00e9roule une s\u00e9ance Shiatsu ?<\/h2>\n\n\n\n<h3 class=\"wp-block-heading\">1.<\/h3>\n\n\n\n<p class=\"has-background\" style=\"background-color:#9cbbaeed\">La s\u00e9ance de Shiatsu commence par un entretien avec la personne&nbsp;afin de recueillir son histoire et son \u00e9tat de sant\u00e9 actuel.<br>Cet \u00e9change permet de comprendre les besoins et d&#8217;adapter le massage \u00e0 la probl\u00e9matique. <\/p>\n\n\n\n<h3 class=\"wp-block-heading\">2.<\/h3>\n\n\n\n<p class=\"has-light-green-cyan-background-color has-background\">La s\u00e9ance de Shiatsu se poursuit sur un futon au sol, v\u00eatu.e d&#8217;une tenue confortable&nbsp;(jogging, pyjama&#8230;). La praticienne effectue des pressions avec les paumes des mains, le pouce (parfois aussi le coude, les genoux&#8230;.) le long des m\u00e9ridiens d&#8217;acupuncture. Le Shiatsu se compl\u00e8te d&#8217;\u00e9tirements pour lib\u00e9rer les tensions.<\/p>\n\n\n\n<h3 class=\"wp-block-heading\">3.<\/h3>\n\n\n\n<p class=\"has-background\" style=\"background-color:#b2d5c7ed\">La s\u00e9ance se termine par des conseils personnalis\u00e9s&nbsp;applicables au quotidien (Do-In, Qi-Gong,&nbsp;<a href=\"https:\/\/www.fannyroque.fr\/initiation-auto-shiatsu\">Auto-Shiatsu<\/a>, \u00e9tirements&#8230;)<\/p>\n\n\n\n<div class=\"wp-block-buttons is-content-justification-center is-layout-flex wp-container-core-buttons-is-layout-a89b3969 wp-block-buttons-is-layout-flex\">\n<div class=\"wp-block-button\"><a class=\"wp-block-button__link has-luminous-vivid-amber-background-color has-background wp-element-button\" href=\"https:\/\/almafreymulller-shiatsu.fr\/index.php\/duree-des-seances-et-tarifs\/\" style=\"border-top-left-radius:0px;border-top-right-radius:0px;border-bottom-left-radius:0px;border-bottom-right-radius:0px;padding-top:var(--wp--preset--spacing--30);padding-bottom:var(--wp--preset--spacing--30)\">Prendre RDV<\/a><\/div>\n<\/div>\n\n\n\n<pre class=\"wp-block-code\"><code><\/code><\/pre>\n\n\n\n<p>* Les m\u00e9thodes de bien-\u00eatre et de relaxation, dont le Shiatsu, ne se substituent pas aux traitements de la m\u00e9decine allopathique ou psychiatrique et ne sont nullement associ\u00e9es \u00e0 la kin\u00e9sith\u00e9rapie selon l\u2019article L.4321-21 du Code de la Sant\u00e9 Publique et au d\u00e9cret n\u00b0 96-879 du 8 octobre 1996, modifi\u00e9 par d\u00e9cret n\u00b0&nbsp;<a href=\"tel:2000-577\">2000-577<\/a>&nbsp;du 27 Juin 2000.<\/p>\n\n\n\n<p>Mes interventions et conseils en shiatsu n&#8217;ont pas pour objectif de traiter les pathologies. Le Shiatsu se contente d&#8217;apporter du bien-\u00eatre et du confort aux personnes prises en charge par le corps m\u00e9dical.&nbsp;<\/p>\n\n\n\n<p>En cas de malaise ou de maladie, consultez en premi\u00e8re intention un m\u00e9decin ou un professionnel de la sant\u00e9 en mesure d&#8217;\u00e9valuer votre \u00e9tat de sant\u00e9.<\/p>\n\n\n\n<p><\/p>\n\n\n\n<p class=\"has-text-align-center\"><\/p>\n\n\n\n<div class=\"wp-block-columns is-layout-flex wp-container-core-columns-is-layout-28f84493 wp-block-columns-is-layout-flex\">\n<div class=\"wp-block-column is-layout-flow wp-block-column-is-layout-flow\"><\/div>\n\n\n\n<div class=\"wp-block-column is-layout-flow wp-block-column-is-layout-flow\"><\/div>\n<\/div>\n\n\n\n<p><\/p>\n","protected":false},"excerpt":{"rendered":"<p>Le mot Shiatsu signifie\u00a0&#8220;pression de doigts&#8221;. Le Shiatsu est une\u00a0technique manuelle\u00a0de bien \u00eatre et de bon entretien de la sant\u00e9\u00a0qui vient du Japon.\u00a0Il est n\u00e9 de la rencontre du massage traditionnel japonais &#8220;Amma&#8221;, des influences de la m\u00e9decine chinoise et occidentale. Il s&#8217;inscrit dans la m\u00eame famille que la r\u00e9flexologie plantaire et l&#8217;acupression. En agissant [&hellip;]<\/p>\n","protected":false},"author":1,"featured_media":11,"parent":0,"menu_order":0,"comment_status":"closed","ping_status":"closed","template":"","meta":{"footnotes":""},"class_list":["post-10","page","type-page","status-publish","has-post-thumbnail","hentry"],"jetpack_sharing_enabled":true,"_links":{"self":[{"href":"https:\/\/almafreymulller-shiatsu.fr\/index.php\/wp-json\/wp\/v2\/pages\/10","targetHints":{"allow":["GET"]}}],"collection":[{"href":"https:\/\/almafreymulller-shiatsu.fr\/index.php\/wp-json\/wp\/v2\/pages"}],"about":[{"href":"https:\/\/almafreymulller-shiatsu.fr\/index.php\/wp-json\/wp\/v2\/types\/page"}],"author":[{"embeddable":true,"href":"https:\/\/almafreymulller-shiatsu.fr\/index.php\/wp-json\/wp\/v2\/users\/1"}],"replies":[{"embeddable":true,"href":"https:\/\/almafreymulller-shiatsu.fr\/index.php\/wp-json\/wp\/v2\/comments?post=10"}],"version-history":[{"count":27,"href":"https:\/\/almafreymulller-shiatsu.fr\/index.php\/wp-json\/wp\/v2\/pages\/10\/revisions"}],"predecessor-version":[{"id":719,"href":"https:\/\/almafreymulller-shiatsu.fr\/index.php\/wp-json\/wp\/v2\/pages\/10\/revisions\/719"}],"wp:featuredmedia":[{"embeddable":true,"href":"https:\/\/almafreymulller-shiatsu.fr\/index.php\/wp-json\/wp\/v2\/media\/11"}],"wp:attachment":[{"href":"https:\/\/almafreymulller-shiatsu.fr\/index.php\/wp-json\/wp\/v2\/media?parent=10"}],"curies":[{"name":"wp","href":"https:\/\/api.w.org\/{rel}","templated":true}]}}